{"id":3208,"date":"2025-12-12T14:29:36","date_gmt":"2025-12-12T13:29:36","guid":{"rendered":"https:\/\/veranstaltungsring.de\/vw\/?page_id=3208"},"modified":"2025-12-12T14:30:15","modified_gmt":"2025-12-12T13:30:15","slug":"8-11-2026-multivisionsvortrag-thomas-schenker-live","status":"publish","type":"page","link":"https:\/\/veranstaltungsring.de\/vw\/8-11-2026-multivisionsvortrag-thomas-schenker-live\/","title":{"rendered":"8.11.2026 Multivisionsvortrag &#8211; Thomas Schenker LIVE"},"content":{"rendered":"\n<p><strong>Sonntag, 8.11.2026 I 16:00 Uhr<\/strong> <br><strong>Luna Filmtheater Metzingen<\/strong> <br><strong>Einlass und Bewirtung ab 15:00 Uhr<\/strong> <\/p>\n\n\n\n<p>Eintritt: 18 \u20ac I erm\u00e4\u00dfigt 14 \u20ac I VRM-Mitglieder frei \u2013 bitte um fr\u00fchzeitige Reservierung im VRM-B\u00fcro! <br>Karten gibt es bei der TouristInfo Metzingen und gegebenfalls Restkarten an der Abendkasse. <\/p>\n\n\n\n<p><strong>Seitenstra\u00dfen der Seidenstra\u00dfe &#8211; eine Reise mit dem Fahrrad !<\/strong><\/p>\n\n\n<div class=\"wp-block-image\">\n<figure class=\"alignright size-full is-resized\"><img loading=\"lazy\" decoding=\"async\" width=\"720\" height=\"720\" src=\"https:\/\/veranstaltungsring.de\/vw\/wp-content\/uploads\/2025\/12\/4-Vortrag-Info-mit-Logo-quadratisch-klein.jpg\" alt=\"\" class=\"wp-image-3211\" style=\"width:269px;height:auto\" srcset=\"https:\/\/veranstaltungsring.de\/vw\/wp-content\/uploads\/2025\/12\/4-Vortrag-Info-mit-Logo-quadratisch-klein.jpg 720w, https:\/\/veranstaltungsring.de\/vw\/wp-content\/uploads\/2025\/12\/4-Vortrag-Info-mit-Logo-quadratisch-klein-300x300.jpg 300w, https:\/\/veranstaltungsring.de\/vw\/wp-content\/uploads\/2025\/12\/4-Vortrag-Info-mit-Logo-quadratisch-klein-150x150.jpg 150w\" sizes=\"auto, (max-width: 720px) 100vw, 720px\" \/><\/figure>\n<\/div>\n\n\n<p>Direkt von seiner Haust\u00fcr aus auf dem Landweg nach China zu reisen, so wie vor Jahrtausenden die Kamelkarawanen, die wertvolle Seide aus dem fernen Osten in das R\u00f6mische Reich brachten \u2013 dieser Traum verfolgte Thomas jahrelang. Schlie\u00dflich packt er 2017 seine Sachen auf ein altes Mountainbike, das ihn \u00fcber die Alpen und durch die Balkanl\u00e4nder bis an die Grenzen Europas bringt. F\u00fcr Asien baut er dann in Handarbeit ein Fatbike aus Bambus zusammen, um damit \u00fcber hohe Berge, durch weite Steppen und trockene W\u00fcsten in die entlegenen Gebiete der alten Seidenstra\u00dfe vordringen zu k\u00f6nnen. \u00dcberw\u00e4ltigt von atemberaubenden Landschaften und der Gastfreundschaft der Menschen, die ihn oftmals auch ein St\u00fcck mit ihrem Auto oder Lastwagen mitnehmen, greift er immer wieder zu seiner Kamera, um das Erlebte in unvergesslichen Bildern festzuhalten. So entstand ein Vortrag \u00fcber den Traum nach Osten zu radeln.<\/p>\n\n\n\n<p>\u00dcber den Wunsch, im Moment zu leben, frei zu sein und dies jeden Tag zu sp\u00fcren. <br>Aber auch \u00fcber R\u00fcckschl\u00e4ge, Angst, Unsicherheiten und Tr\u00e4nen.<\/p>\n\n\n\n<p>&nbsp;Dauer ca. 2,5 Std. einschlie\u00dflich einer Pause<\/p>\n\n\n<div class=\"wp-block-image\">\n<figure class=\"aligncenter size-full is-resized\"><img loading=\"lazy\" decoding=\"async\" width=\"1008\" height=\"137\" src=\"https:\/\/veranstaltungsring.de\/vw\/wp-content\/uploads\/2022\/08\/Logo_Kreissparkasse_Reutlingen_Mit_freundlicher_Unterstu\u0308tzung_856x116cm-Kopie-2.jpg\" alt=\"\" class=\"wp-image-1877\" style=\"aspect-ratio:7.358244055395871;width:603px;height:auto\" srcset=\"https:\/\/veranstaltungsring.de\/vw\/wp-content\/uploads\/2022\/08\/Logo_Kreissparkasse_Reutlingen_Mit_freundlicher_Unterstu\u0308tzung_856x116cm-Kopie-2.jpg 1008w, https:\/\/veranstaltungsring.de\/vw\/wp-content\/uploads\/2022\/08\/Logo_Kreissparkasse_Reutlingen_Mit_freundlicher_Unterstu\u0308tzung_856x116cm-Kopie-2-300x41.jpg 300w, https:\/\/veranstaltungsring.de\/vw\/wp-content\/uploads\/2022\/08\/Logo_Kreissparkasse_Reutlingen_Mit_freundlicher_Unterstu\u0308tzung_856x116cm-Kopie-2-768x104.jpg 768w\" sizes=\"auto, (max-width: 1008px) 100vw, 1008px\" \/><\/figure>\n<\/div>\n\n\n<p><\/p>\n","protected":false},"excerpt":{"rendered":"<p>Sonntag, 8.11.2026 I 16:00 Uhr Luna Filmtheater Metzingen Einlass und Bewirtung ab 15:00 Uhr Eintritt: 18 \u20ac I erm\u00e4\u00dfigt 14[&#8230;]<\/p>\n","protected":false},"author":4,"featured_media":0,"parent":0,"menu_order":0,"comment_status":"closed","ping_status":"closed","template":"","meta":{"footnotes":""},"class_list":["post-3208","page","type-page","status-publish","hentry"],"_links":{"self":[{"href":"https:\/\/veranstaltungsring.de\/vw\/wp-json\/wp\/v2\/pages\/3208","targetHints":{"allow":["GET"]}}],"collection":[{"href":"https:\/\/veranstaltungsring.de\/vw\/wp-json\/wp\/v2\/pages"}],"about":[{"href":"https:\/\/veranstaltungsring.de\/vw\/wp-json\/wp\/v2\/types\/page"}],"author":[{"embeddable":true,"href":"https:\/\/veranstaltungsring.de\/vw\/wp-json\/wp\/v2\/users\/4"}],"replies":[{"embeddable":true,"href":"https:\/\/veranstaltungsring.de\/vw\/wp-json\/wp\/v2\/comments?post=3208"}],"version-history":[{"count":3,"href":"https:\/\/veranstaltungsring.de\/vw\/wp-json\/wp\/v2\/pages\/3208\/revisions"}],"predecessor-version":[{"id":3214,"href":"https:\/\/veranstaltungsring.de\/vw\/wp-json\/wp\/v2\/pages\/3208\/revisions\/3214"}],"wp:attachment":[{"href":"https:\/\/veranstaltungsring.de\/vw\/wp-json\/wp\/v2\/media?parent=3208"}],"curies":[{"name":"wp","href":"https:\/\/api.w.org\/{rel}","templated":true}]}}