{"id":3215,"date":"2025-12-12T14:35:15","date_gmt":"2025-12-12T13:35:15","guid":{"rendered":"https:\/\/veranstaltungsring.de\/vw\/?page_id=3215"},"modified":"2026-03-24T08:32:20","modified_gmt":"2026-03-24T07:32:20","slug":"3-12-2026-stefan-waghubinger","status":"publish","type":"page","link":"https:\/\/veranstaltungsring.de\/vw\/3-12-2026-stefan-waghubinger\/","title":{"rendered":"3.12.2026 Stefan Waghubinger"},"content":{"rendered":"\n<p><strong>Donnerstag, 3.12.2026 I 20:00 Uhr<\/strong><br><strong>Luna Filmtheater Metzingen<\/strong><br><strong>Einlass und Bewirtung ab 19:00 Uhr<\/strong><\/p>\n\n\n\n<p>Eintritt: VVK 26 \u20ac I erm\u00e4\u00dfigt 22 \u20ac I AK 28 \u20ac I erm\u00e4\u00dfigt 24 \u20ac I VRM-Mitglieder frei \u2013 bitte fr\u00fchzeitige Reservierung im VRM-B\u00fcro! <br>Karten gibt es bei Reservix, der TouristInfo Metzingen und gegebenfalls Restkarten an der Abendkasse.<\/p>\n\n\n\n<figure class=\"wp-block-image size-full\"><a href=\"https:\/\/www.reservix.de\/tickets-stefan-waghubinger-versunkene-saetze-in-metzingen-luna-filmtheater-metzingen-am-3-12-2026\/e2436242\"><img loading=\"lazy\" decoding=\"async\" width=\"120\" height=\"40\" src=\"https:\/\/veranstaltungsring.de\/vw\/wp-content\/uploads\/2023\/05\/Buttons-zum-Ticketshop-120x40px.png\" alt=\"\" class=\"wp-image-2196\"\/><\/a><\/figure>\n\n\n\n<p><strong>Versunkene S\u00e4tze<\/strong><\/p>\n\n\n<div class=\"wp-block-image\">\n<figure class=\"alignright size-large is-resized\"><img loading=\"lazy\" decoding=\"async\" width=\"1024\" height=\"730\" src=\"https:\/\/veranstaltungsring.de\/vw\/wp-content\/uploads\/2025\/12\/Pressefoto-Stefan-Waghubinger-Versunkene-Saetze-quer-Copyright-Josua-Waghubinger-1024x730.png\" alt=\"\" class=\"wp-image-3216\" style=\"aspect-ratio:1.4027675081863316;width:293px;height:auto\" srcset=\"https:\/\/veranstaltungsring.de\/vw\/wp-content\/uploads\/2025\/12\/Pressefoto-Stefan-Waghubinger-Versunkene-Saetze-quer-Copyright-Josua-Waghubinger-1024x730.png 1024w, https:\/\/veranstaltungsring.de\/vw\/wp-content\/uploads\/2025\/12\/Pressefoto-Stefan-Waghubinger-Versunkene-Saetze-quer-Copyright-Josua-Waghubinger-300x214.png 300w, https:\/\/veranstaltungsring.de\/vw\/wp-content\/uploads\/2025\/12\/Pressefoto-Stefan-Waghubinger-Versunkene-Saetze-quer-Copyright-Josua-Waghubinger-768x547.png 768w, https:\/\/veranstaltungsring.de\/vw\/wp-content\/uploads\/2025\/12\/Pressefoto-Stefan-Waghubinger-Versunkene-Saetze-quer-Copyright-Josua-Waghubinger-1536x1095.png 1536w, https:\/\/veranstaltungsring.de\/vw\/wp-content\/uploads\/2025\/12\/Pressefoto-Stefan-Waghubinger-Versunkene-Saetze-quer-Copyright-Josua-Waghubinger-2048x1460.png 2048w\" sizes=\"auto, (max-width: 1024px) 100vw, 1024px\" \/><figcaption class=\"wp-element-caption\">\u00a9 Josua Waghubinger<\/figcaption><\/figure>\n<\/div>\n\n\n<p>Vier abendf\u00fcllende Programme, unz\u00e4hlige TV-Auftritte, mehr als 20 Preise: Stefan Waghubingers Motto \u2013 \u201e\u00d6sterreichisches N\u00f6rgeln, aber mit deutscher Gr\u00fcndlichkeit\u201c \u2013 hat&nbsp;sich zu seiner eigenen \u00dcberraschung als ganz sch\u00f6n wirksam erwiesen. Viele&nbsp;seiner&nbsp;Geschichten aus&nbsp;den vergangenen 15 Jahren&nbsp;sind f\u00fcr&nbsp;das Publikum&nbsp;l\u00e4ngst zu&nbsp;Klassikern geworden, immer wieder wurden sie als Zugaben gew\u00fcnscht.&nbsp;Grund genug f\u00fcr&nbsp;den Kabarettisten,&nbsp;nun&nbsp;gemeinsam mit seinen G\u00e4sten auf Tauchgang&nbsp;nach diesen \u201eversunkenen S\u00e4tzen\u201c zu gehen. Versiert&nbsp;wechselt er&nbsp;dabei zwischen&nbsp;beliebten&nbsp;Pointen&nbsp;und neuen&nbsp;Fundst\u00fccken&nbsp;aus dem K\u00fcnstleralltag, die&nbsp;leicht&nbsp;ein eigenes Programm f\u00fcllen k\u00f6nnten. <\/p>\n\n\n\n<p>Wer mit Waghubinger abtaucht, wird reich belohnt: mit&nbsp;tiefgr\u00fcndigen&nbsp;Gedanken, scharfen Formulierungen und einem L\u00e4cheln, das auch an Land noch bleibt.&nbsp;<\/p>\n\n\n\n<p>\u201e<em>Es gibt nur wenige Kabarettisten, die es mit Waghubingers Formulierungskunst aufnehmen k\u00f6nnen.\u201c<\/em>&nbsp;(Allgemeine Zeitung Mainz)<\/p>\n\n\n\n<p>Dauer ca. 2 Std. einschlie\u00dflich einer Pause<\/p>\n\n\n<div class=\"wp-block-image\">\n<figure class=\"aligncenter size-full is-resized\"><img loading=\"lazy\" decoding=\"async\" width=\"1008\" height=\"137\" src=\"https:\/\/veranstaltungsring.de\/vw\/wp-content\/uploads\/2022\/08\/Logo_Kreissparkasse_Reutlingen_Mit_freundlicher_Unterstu\u0308tzung_856x116cm-Kopie-2.jpg\" alt=\"\" class=\"wp-image-1877\" style=\"aspect-ratio:7.358244055395871;width:603px;height:auto\" srcset=\"https:\/\/veranstaltungsring.de\/vw\/wp-content\/uploads\/2022\/08\/Logo_Kreissparkasse_Reutlingen_Mit_freundlicher_Unterstu\u0308tzung_856x116cm-Kopie-2.jpg 1008w, https:\/\/veranstaltungsring.de\/vw\/wp-content\/uploads\/2022\/08\/Logo_Kreissparkasse_Reutlingen_Mit_freundlicher_Unterstu\u0308tzung_856x116cm-Kopie-2-300x41.jpg 300w, https:\/\/veranstaltungsring.de\/vw\/wp-content\/uploads\/2022\/08\/Logo_Kreissparkasse_Reutlingen_Mit_freundlicher_Unterstu\u0308tzung_856x116cm-Kopie-2-768x104.jpg 768w\" sizes=\"auto, (max-width: 1008px) 100vw, 1008px\" \/><\/figure>\n<\/div>\n\n\n<p><\/p>\n","protected":false},"excerpt":{"rendered":"<p>Donnerstag, 3.12.2026 I 20:00 UhrLuna Filmtheater MetzingenEinlass und Bewirtung ab 19:00 Uhr Eintritt: VVK 26 \u20ac I erm\u00e4\u00dfigt 22 \u20ac[&#8230;]<\/p>\n","protected":false},"author":4,"featured_media":0,"parent":0,"menu_order":0,"comment_status":"closed","ping_status":"closed","template":"","meta":{"footnotes":""},"class_list":["post-3215","page","type-page","status-publish","hentry"],"_links":{"self":[{"href":"https:\/\/veranstaltungsring.de\/vw\/wp-json\/wp\/v2\/pages\/3215","targetHints":{"allow":["GET"]}}],"collection":[{"href":"https:\/\/veranstaltungsring.de\/vw\/wp-json\/wp\/v2\/pages"}],"about":[{"href":"https:\/\/veranstaltungsring.de\/vw\/wp-json\/wp\/v2\/types\/page"}],"author":[{"embeddable":true,"href":"https:\/\/veranstaltungsring.de\/vw\/wp-json\/wp\/v2\/users\/4"}],"replies":[{"embeddable":true,"href":"https:\/\/veranstaltungsring.de\/vw\/wp-json\/wp\/v2\/comments?post=3215"}],"version-history":[{"count":4,"href":"https:\/\/veranstaltungsring.de\/vw\/wp-json\/wp\/v2\/pages\/3215\/revisions"}],"predecessor-version":[{"id":3275,"href":"https:\/\/veranstaltungsring.de\/vw\/wp-json\/wp\/v2\/pages\/3215\/revisions\/3275"}],"wp:attachment":[{"href":"https:\/\/veranstaltungsring.de\/vw\/wp-json\/wp\/v2\/media?parent=3215"}],"curies":[{"name":"wp","href":"https:\/\/api.w.org\/{rel}","templated":true}]}}