{"id":3220,"date":"2025-12-12T14:40:03","date_gmt":"2025-12-12T13:40:03","guid":{"rendered":"https:\/\/veranstaltungsring.de\/vw\/?page_id=3220"},"modified":"2025-12-12T14:40:16","modified_gmt":"2025-12-12T13:40:16","slug":"12-12-2026-gluecksmomente","status":"publish","type":"page","link":"https:\/\/veranstaltungsring.de\/vw\/12-12-2026-gluecksmomente\/","title":{"rendered":"12.12.2026 Gl\u00fccksmomente"},"content":{"rendered":"\n<p><strong>Samstag, 12.12.2026 I 20:00 Uhr<br>Bindhof Neuhausen<br>Einlass und Bewirtung ab 19:00 Uhr<\/strong><\/p>\n\n\n\n<p>Eintritt: Eintritt: 20 \u20ac I erm\u00e4\u00dfigt 16 \u20ac I VRM-Mitglieder frei &#8211; bitte um fr\u00fchzeitige Reservierung im VRM-B\u00fcro! <br>Karten gibt es bei der TouristInfo Metzingen und ggf. Restkarten an der Abendkasse. <\/p>\n\n\n\n<p><strong>Dieser Abend beweist:<\/strong> <strong>Gl\u00fcck kann man h\u00f6ren, f\u00fchlen und teilen!<\/strong><\/p>\n\n\n<div class=\"wp-block-image\">\n<figure class=\"alignright size-large is-resized\"><img loading=\"lazy\" decoding=\"async\" width=\"1024\" height=\"764\" src=\"https:\/\/veranstaltungsring.de\/vw\/wp-content\/uploads\/2025\/07\/2025-Musicalgala-0635-var-1024x764.jpg\" alt=\"\" class=\"wp-image-3033\" style=\"aspect-ratio:1.3403688190175707;width:324px;height:auto\" srcset=\"https:\/\/veranstaltungsring.de\/vw\/wp-content\/uploads\/2025\/07\/2025-Musicalgala-0635-var-1024x764.jpg 1024w, https:\/\/veranstaltungsring.de\/vw\/wp-content\/uploads\/2025\/07\/2025-Musicalgala-0635-var-300x224.jpg 300w, https:\/\/veranstaltungsring.de\/vw\/wp-content\/uploads\/2025\/07\/2025-Musicalgala-0635-var-768x573.jpg 768w, https:\/\/veranstaltungsring.de\/vw\/wp-content\/uploads\/2025\/07\/2025-Musicalgala-0635-var-1536x1146.jpg 1536w, https:\/\/veranstaltungsring.de\/vw\/wp-content\/uploads\/2025\/07\/2025-Musicalgala-0635-var-2048x1528.jpg 2048w\" sizes=\"auto, (max-width: 1024px) 100vw, 1024px\" \/><\/figure>\n<\/div>\n\n\n<p>Gl\u00fcck ist ja bekanntlich das Einzige, was sich verdoppelt, wenn man es teilt. <br>Aber keine Sorge, wir haben genug f\u00fcr alle davon. Worauf warten wir also? <\/p>\n\n\n\n<p>Constanze Seitz, Fabian Brandt (Gesang) und Jochen Scheytt (Klavier), dem Metzinger Publikum bereits bestens bekannt, haben sich auf die Suche gemacht und stellen fest: Die Welt des Musicals und Chansons ist voller gro\u00dfer und kleiner Gl\u00fccksmomente. Sie finden sich in Hitmusicals wie Wicked, Mozart, Grease, in Disney-Filmen, in Evergreens und Operetten. <br>Lassen Sie Ihrem Gl\u00fcck freien Lauf und feiern Sie mit uns das Leben, die Liebe und das Lachen &#8211; Yoga und Gl\u00fcckskekse sind inklusive!<\/p>\n\n\n\n<p>Dauer 2 Std. inklusive einer Pause<\/p>\n\n\n<div class=\"wp-block-image\">\n<figure class=\"aligncenter size-full is-resized\"><img loading=\"lazy\" decoding=\"async\" width=\"333\" height=\"121\" src=\"https:\/\/veranstaltungsring.de\/vw\/wp-content\/uploads\/2022\/08\/VoBa_Logo.jpg\" alt=\"\" class=\"wp-image-1878\" style=\"width:388px;height:auto\" srcset=\"https:\/\/veranstaltungsring.de\/vw\/wp-content\/uploads\/2022\/08\/VoBa_Logo.jpg 333w, https:\/\/veranstaltungsring.de\/vw\/wp-content\/uploads\/2022\/08\/VoBa_Logo-300x109.jpg 300w\" sizes=\"auto, (max-width: 333px) 100vw, 333px\" \/><\/figure>\n<\/div>","protected":false},"excerpt":{"rendered":"<p>Samstag, 12.12.2026 I 20:00 UhrBindhof NeuhausenEinlass und Bewirtung ab 19:00 Uhr Eintritt: Eintritt: 20 \u20ac I erm\u00e4\u00dfigt 16 \u20ac I[&#8230;]<\/p>\n","protected":false},"author":4,"featured_media":0,"parent":0,"menu_order":0,"comment_status":"closed","ping_status":"closed","template":"","meta":{"footnotes":""},"class_list":["post-3220","page","type-page","status-publish","hentry"],"_links":{"self":[{"href":"https:\/\/veranstaltungsring.de\/vw\/wp-json\/wp\/v2\/pages\/3220","targetHints":{"allow":["GET"]}}],"collection":[{"href":"https:\/\/veranstaltungsring.de\/vw\/wp-json\/wp\/v2\/pages"}],"about":[{"href":"https:\/\/veranstaltungsring.de\/vw\/wp-json\/wp\/v2\/types\/page"}],"author":[{"embeddable":true,"href":"https:\/\/veranstaltungsring.de\/vw\/wp-json\/wp\/v2\/users\/4"}],"replies":[{"embeddable":true,"href":"https:\/\/veranstaltungsring.de\/vw\/wp-json\/wp\/v2\/comments?post=3220"}],"version-history":[{"count":2,"href":"https:\/\/veranstaltungsring.de\/vw\/wp-json\/wp\/v2\/pages\/3220\/revisions"}],"predecessor-version":[{"id":3222,"href":"https:\/\/veranstaltungsring.de\/vw\/wp-json\/wp\/v2\/pages\/3220\/revisions\/3222"}],"wp:attachment":[{"href":"https:\/\/veranstaltungsring.de\/vw\/wp-json\/wp\/v2\/media?parent=3220"}],"curies":[{"name":"wp","href":"https:\/\/api.w.org\/{rel}","templated":true}]}}