{"id":3224,"date":"2025-12-12T15:54:52","date_gmt":"2025-12-12T14:54:52","guid":{"rendered":"https:\/\/veranstaltungsring.de\/vw\/?page_id=3224"},"modified":"2026-03-24T08:31:49","modified_gmt":"2026-03-24T07:31:49","slug":"30-12-2026-zauber-des-barock","status":"publish","type":"page","link":"https:\/\/veranstaltungsring.de\/vw\/30-12-2026-zauber-des-barock\/","title":{"rendered":"30.12.2026 Zauber des Barock"},"content":{"rendered":"\n<p><strong>Mittwoch, 30.12.2026 I 19:30 Uhr <br>Martinskirche Metzingen <br>Einlass ab 18:30 Uhr<\/strong> <\/p>\n\n\n\n<p>Eintritt: 17 \u20ac I erm\u00e4\u00dfigt 15 \u20ac I VRM-Mitglieder und Konzertreihe- Abonnenten frei<br>Karten: TouristInfo Metzingen, Radio Ruoff, Abendkasse <\/p>\n\n\n\n<p><strong>Benefizkonzert f\u00fcr das Ferientagheim Metzingen <\/strong><\/p>\n\n\n\n<p>Auch 2026 bereitet Sie barocker Glanz mit zwei exzellenten K\u00fcnstlern auf den Jahreswechsel vor. Seit etlichen Jahren z\u00e4hlt das Konzert mit dem Startrompeter Otto Sauter und seinem kongenialen Begleiter Christian Schmitt an der Orgel zu den besonderen Schlusspunkten des Kalenderjahres. <\/p>\n\n\n<div class=\"wp-block-image\">\n<figure class=\"alignright size-large is-resized\"><img loading=\"lazy\" decoding=\"async\" width=\"683\" height=\"1024\" src=\"https:\/\/veranstaltungsring.de\/vw\/wp-content\/uploads\/2025\/10\/Otto_Sauter2_Sabine_Kierdorf-1-683x1024.jpg\" alt=\"\" class=\"wp-image-3078\" style=\"aspect-ratio:0.6669975186104219;width:135px;height:auto\" srcset=\"https:\/\/veranstaltungsring.de\/vw\/wp-content\/uploads\/2025\/10\/Otto_Sauter2_Sabine_Kierdorf-1-683x1024.jpg 683w, https:\/\/veranstaltungsring.de\/vw\/wp-content\/uploads\/2025\/10\/Otto_Sauter2_Sabine_Kierdorf-1-200x300.jpg 200w, https:\/\/veranstaltungsring.de\/vw\/wp-content\/uploads\/2025\/10\/Otto_Sauter2_Sabine_Kierdorf-1.jpg 720w\" sizes=\"auto, (max-width: 683px) 100vw, 683px\" \/><figcaption class=\"wp-element-caption\">\u00a9 Sabine Kierdorf<\/figcaption><\/figure>\n<\/div>\n\n\n<p>Otto Sauter ist als einer der f\u00fchrenden Trompetensolisten weltweit bekannt. <br>Als Spezialist auf der Piccolo-Trompete ist er bereits in allen gro\u00dfen Konzerts\u00e4len weltweit aufgetreten.<\/p>\n\n\n<div class=\"wp-block-image\">\n<figure class=\"alignleft size-full is-resized\"><img loading=\"lazy\" decoding=\"async\" width=\"600\" height=\"900\" src=\"https:\/\/veranstaltungsring.de\/vw\/wp-content\/uploads\/2025\/10\/Christian_Schmitt_3_\u00a9-Uwe-Arens.jpg\" alt=\"\" class=\"wp-image-3079\" style=\"width:167px;height:auto\" srcset=\"https:\/\/veranstaltungsring.de\/vw\/wp-content\/uploads\/2025\/10\/Christian_Schmitt_3_\u00a9-Uwe-Arens.jpg 600w, https:\/\/veranstaltungsring.de\/vw\/wp-content\/uploads\/2025\/10\/Christian_Schmitt_3_\u00a9-Uwe-Arens-200x300.jpg 200w\" sizes=\"auto, (max-width: 600px) 100vw, 600px\" \/><figcaption class=\"wp-element-caption\">\u00a9 Uwe Arens<\/figcaption><\/figure>\n<\/div>\n\n\n<p>Christian Schmitt z\u00e4hlt seit seinem Deb\u00fct bei den Berliner Philharmonikern unter Sir Simon Rattle und den Salzburger Festspielen zu den international gefragtesten Organisten. <br>Seit 2014 ist er Principal Organist der Bamberger Symphoniker, f\u00fcr die er die Orgelserie f\u00fcr die Konzerthalle Bamberg kuratiert.<\/p>\n\n\n\n<p>Die beiden K\u00fcnstler begeistern ihr Publikum mit hochvirtuosen und bekannten Werken der prominentesten Komponisten des Barock, finden f\u00fcr die Programmgestaltung aber auch immer wieder Neuentdeckungen f\u00fcr das breite Repertoire an Musik f\u00fcr Trompete und Orgel.<\/p>\n\n\n\n<p><\/p>\n\n\n\n<p><\/p>\n\n\n\n<p><strong>Ausf\u00fchrende:<\/strong><br>Otto Sauter, Trompete<br>Christian Schmitt, Orgel<\/p>\n\n\n\n<p><\/p>\n\n\n\n<p>Dauer: 70 Minuten ohne Pause<\/p>\n\n\n<div class=\"wp-block-image\">\n<figure class=\"aligncenter size-full is-resized\"><img loading=\"lazy\" decoding=\"async\" width=\"333\" height=\"121\" src=\"https:\/\/veranstaltungsring.de\/vw\/wp-content\/uploads\/2022\/08\/VoBa_Logo.jpg\" alt=\"\" class=\"wp-image-1878\" style=\"aspect-ratio:2.7521190820756667;width:372px;height:auto\" srcset=\"https:\/\/veranstaltungsring.de\/vw\/wp-content\/uploads\/2022\/08\/VoBa_Logo.jpg 333w, https:\/\/veranstaltungsring.de\/vw\/wp-content\/uploads\/2022\/08\/VoBa_Logo-300x109.jpg 300w\" sizes=\"auto, (max-width: 333px) 100vw, 333px\" \/><\/figure>\n<\/div>","protected":false},"excerpt":{"rendered":"<p>Mittwoch, 30.12.2026 I 19:30 Uhr Martinskirche Metzingen Einlass ab 18:30 Uhr Eintritt: 17 \u20ac I erm\u00e4\u00dfigt 15 \u20ac I VRM-Mitglieder[&#8230;]<\/p>\n","protected":false},"author":4,"featured_media":0,"parent":0,"menu_order":0,"comment_status":"closed","ping_status":"closed","template":"","meta":{"footnotes":""},"class_list":["post-3224","page","type-page","status-publish","hentry"],"_links":{"self":[{"href":"https:\/\/veranstaltungsring.de\/vw\/wp-json\/wp\/v2\/pages\/3224","targetHints":{"allow":["GET"]}}],"collection":[{"href":"https:\/\/veranstaltungsring.de\/vw\/wp-json\/wp\/v2\/pages"}],"about":[{"href":"https:\/\/veranstaltungsring.de\/vw\/wp-json\/wp\/v2\/types\/page"}],"author":[{"embeddable":true,"href":"https:\/\/veranstaltungsring.de\/vw\/wp-json\/wp\/v2\/users\/4"}],"replies":[{"embeddable":true,"href":"https:\/\/veranstaltungsring.de\/vw\/wp-json\/wp\/v2\/comments?post=3224"}],"version-history":[{"count":8,"href":"https:\/\/veranstaltungsring.de\/vw\/wp-json\/wp\/v2\/pages\/3224\/revisions"}],"predecessor-version":[{"id":3274,"href":"https:\/\/veranstaltungsring.de\/vw\/wp-json\/wp\/v2\/pages\/3224\/revisions\/3274"}],"wp:attachment":[{"href":"https:\/\/veranstaltungsring.de\/vw\/wp-json\/wp\/v2\/media?parent=3224"}],"curies":[{"name":"wp","href":"https:\/\/api.w.org\/{rel}","templated":true}]}}