{"id":54,"date":"2018-07-25T14:37:29","date_gmt":"2018-07-25T14:37:29","guid":{"rendered":"https:\/\/kultur.imdialog.net\/?page_id=54"},"modified":"2024-03-29T12:52:37","modified_gmt":"2024-03-29T11:52:37","slug":"five-live","status":"publish","type":"page","link":"https:\/\/veranstaltungsring.de\/vw\/five-live\/","title":{"rendered":"Five Live &#8211; Kabarett-Hopping"},"content":{"rendered":"\n<p><\/p>\n\n\n\n<p>FIVE LIVE war ein Kabarett-Hopping rund um den Metzinger Kelternplatz. Der Veranstaltungsring Metzingen e.V. und die Metzingen Marketing und Tourismus GmbH starteten mit diesem heiteren Event ins neue Jahr. F\u00fcnf Kabarettisten und Kom\u00f6dianten bieten ihr K\u00f6nnen in dem urigen Ambiente der Metzinger Keltern. Diese Events fanden von <a href=\"https:\/\/www.veranstaltungsring.de\/5Live\/\" data-type=\"link\" data-id=\"https:\/\/www.veranstaltungsring.de\/5Live\/\" target=\"_blank\" rel=\"noreferrer noopener\">2011 bis 2020<\/a> statt. <\/p>\n\n\n<div class=\"wp-block-image\">\n<figure class=\"alignleft\"><img loading=\"lazy\" decoding=\"async\" width=\"300\" height=\"200\" src=\"https:\/\/veranstaltungsring.de\/vw\/wp-content\/uploads\/2018\/09\/fivelive_01-1-300x200.jpg\" alt=\"\" class=\"wp-image-145\" srcset=\"https:\/\/veranstaltungsring.de\/vw\/wp-content\/uploads\/2018\/09\/fivelive_01-1-300x200.jpg 300w, https:\/\/veranstaltungsring.de\/vw\/wp-content\/uploads\/2018\/09\/fivelive_01-1-120x80.jpg 120w, https:\/\/veranstaltungsring.de\/vw\/wp-content\/uploads\/2018\/09\/fivelive_01-1-360x240.jpg 360w, https:\/\/veranstaltungsring.de\/vw\/wp-content\/uploads\/2018\/09\/fivelive_01-1.jpg 400w\" sizes=\"auto, (max-width: 300px) 100vw, 300px\" \/><\/figure>\n<\/div>\n\n\n<p>Jeder der <b><\/b>f\u00fcnf K\u00fcnstler bietet seinen Auftritt drei mal an dem f\u00fcr ihn vorgesehenen Spielort an. Ihm stehen hierzu 3 x 45 Minuten Spielzeit zur Verf\u00fcgung. Ca. 400 Besucher k\u00f6nnen von den f\u00fcnf Veranstaltungsangeboten drei ausw\u00e4hlen und besuchen. Dazwischen gibt es jeweils Pausen, die gen\u00fcgend Zeit bieten um den Spielort zu wechseln und sich mit Getr\u00e4nken und kleinen Speisen versorgen k\u00f6nnen.<\/p>\n\n\n\n<hr class=\"wp-block-separator has-alpha-channel-opacity\"\/>\n\n\n\n<p><b>19:<\/b><b>00-19:45 Uhr erster Teil<\/b><br><b>20:15-21:00 Uhr zweiter Teil<\/b><br><b>21:30-22:15 Uhr dritter Teil<\/b><\/p>\n\n\n\n<hr class=\"wp-block-separator has-alpha-channel-opacity\"\/>\n","protected":false},"excerpt":{"rendered":"<p>FIVE LIVE war ein Kabarett-Hopping rund um den Metzinger Kelternplatz. Der Veranstaltungsring Metzingen e.V. und die Metzingen Marketing und Tourismus[&#8230;]<\/p>\n","protected":false},"author":1,"featured_media":130,"parent":0,"menu_order":18,"comment_status":"closed","ping_status":"closed","template":"","meta":{"footnotes":""},"class_list":["post-54","page","type-page","status-publish","has-post-thumbnail","hentry"],"_links":{"self":[{"href":"https:\/\/veranstaltungsring.de\/vw\/wp-json\/wp\/v2\/pages\/54","targetHints":{"allow":["GET"]}}],"collection":[{"href":"https:\/\/veranstaltungsring.de\/vw\/wp-json\/wp\/v2\/pages"}],"about":[{"href":"https:\/\/veranstaltungsring.de\/vw\/wp-json\/wp\/v2\/types\/page"}],"author":[{"embeddable":true,"href":"https:\/\/veranstaltungsring.de\/vw\/wp-json\/wp\/v2\/users\/1"}],"replies":[{"embeddable":true,"href":"https:\/\/veranstaltungsring.de\/vw\/wp-json\/wp\/v2\/comments?post=54"}],"version-history":[{"count":21,"href":"https:\/\/veranstaltungsring.de\/vw\/wp-json\/wp\/v2\/pages\/54\/revisions"}],"predecessor-version":[{"id":2590,"href":"https:\/\/veranstaltungsring.de\/vw\/wp-json\/wp\/v2\/pages\/54\/revisions\/2590"}],"wp:featuredmedia":[{"embeddable":true,"href":"https:\/\/veranstaltungsring.de\/vw\/wp-json\/wp\/v2\/media\/130"}],"wp:attachment":[{"href":"https:\/\/veranstaltungsring.de\/vw\/wp-json\/wp\/v2\/media?parent=54"}],"curies":[{"name":"wp","href":"https:\/\/api.w.org\/{rel}","templated":true}]}}