{"id":57,"date":"2018-07-25T14:37:47","date_gmt":"2018-07-25T14:37:47","guid":{"rendered":"https:\/\/kultur.imdialog.net\/?page_id=57"},"modified":"2022-02-14T19:35:32","modified_gmt":"2022-02-14T18:35:32","slug":"kelternspiele","status":"publish","type":"page","link":"https:\/\/veranstaltungsring.de\/vw\/unsere-verantstaltungen\/kelternspiele\/","title":{"rendered":"10.04.22: Gabriel Faur\u00e9: Requiem"},"content":{"rendered":"<p><strong><br \/>\nKelternspiele 2022<br \/>\nSo. 10.04.2022, 19 Uhr, Martinskirche Metzingen<br \/>\nGabriel Faur\u00e9: Requiem<\/strong><br \/>\nEine Kooperation des Chores Cantiamo (Kelternspiele) und der Martinskantorei Metzingen<\/p>\n<figure id=\"attachment_871\" aria-describedby=\"caption-attachment-871\" style=\"width: 300px\" class=\"wp-caption alignright\"><img loading=\"lazy\" decoding=\"async\" class=\"wp-image-871 size-medium\" src=\"https:\/\/veranstaltungsring.de\/vw\/wp-content\/uploads\/2019\/08\/Adventsmusik-2018-Kopie-300x200.jpg\" alt=\"\" width=\"300\" height=\"200\" srcset=\"https:\/\/veranstaltungsring.de\/vw\/wp-content\/uploads\/2019\/08\/Adventsmusik-2018-Kopie-300x200.jpg 300w, https:\/\/veranstaltungsring.de\/vw\/wp-content\/uploads\/2019\/08\/Adventsmusik-2018-Kopie-768x512.jpg 768w, https:\/\/veranstaltungsring.de\/vw\/wp-content\/uploads\/2019\/08\/Adventsmusik-2018-Kopie-1024x683.jpg 1024w, https:\/\/veranstaltungsring.de\/vw\/wp-content\/uploads\/2019\/08\/Adventsmusik-2018-Kopie-840x560.jpg 840w, https:\/\/veranstaltungsring.de\/vw\/wp-content\/uploads\/2019\/08\/Adventsmusik-2018-Kopie-120x80.jpg 120w, https:\/\/veranstaltungsring.de\/vw\/wp-content\/uploads\/2019\/08\/Adventsmusik-2018-Kopie-360x240.jpg 360w, https:\/\/veranstaltungsring.de\/vw\/wp-content\/uploads\/2019\/08\/Adventsmusik-2018-Kopie-600x400.jpg 600w\" sizes=\"auto, (max-width: 300px) 100vw, 300px\" \/><figcaption id=\"caption-attachment-871\" class=\"wp-caption-text\">Chor Cantiamo (Kelternspiele)<\/figcaption><\/figure>\n<p>Faur\u00e9 vollendete die Komposition seines einzigen gr\u00f6\u00dferen Werkes mit einem religi\u00f6sen Text als Basis im Alter von 42 Jahren. Er schrieb das Werk zwischen dem Tod seines Vaters (1885) und dem seiner Mutter (1887). Es wurde erstmals am 16. Januar 1888 in der Pariser Kirche La Madeleine aufgef\u00fchrt.<br \/>\nFaur\u00e9s Requiem weicht in mehrerlei Hinsicht von der traditionellen Totenmesse ab. Im Gegensatz zum traditionellen Ablauf und insbesondere zu den Kompositionen von Hector Berlioz und Giuseppe Verdi verzichtet Faur\u00e9 auf eine dramatisierende Darstellung des in der Bibel prophezeiten Gerichts Gottes am j\u00fcngsten Tag und beschr\u00e4nkt sich auf die Vertonung von dessen letztem Vers, dem vers\u00f6hnlich bittenden \u201ePie Jesu\u201c. Dagegen f\u00fcgte er das \u201eIn paradisum\u201c hinzu, das die Aufnahme des Verstorbenen in den Himmel durch Engel beschreibt. Insgesamt war es Faur\u00e9 ein Anliegen, ein friedvolles und hoffnungsvolles Bild des Todes zu zeichnen. In vielen Passagen gleiten Moll-Kl\u00e4nge von Chor und Orchester in stimmungsvolle Dur-Akkorde und lassen tr\u00f6stend das Himmelreich erahnen.<br \/>\n[Eine Anekdote besagt, dass Faur\u00e9 nach der Urauff\u00fchrung vom Vikar der Kirche La Madeleine gefragt wurde, von wem das Werk gewesen sei. Der eher sch\u00fcchterne Faur\u00e9 fasste sich Mut und bekannte, dass es von ihm sei. Daraufhin erwiderte der Vikar, er solle das lassen, es gebe gen\u00fcgend Literatur, sodass man sein Werk nicht brauche. Er sollte nicht Recht behalten, denn das Werk hat sich bis heute zu recht einen festen Platz im Repertoire der Konzerts\u00e4le und Kirchen erspielt.]<\/p>\n<p><img loading=\"lazy\" decoding=\"async\" class=\"wp-image-898 size-medium alignleft\" src=\"https:\/\/veranstaltungsring.de\/vw\/wp-content\/uploads\/2019\/08\/Gabriel-Faure\u0301-300x168.png\" alt=\"\" width=\"300\" height=\"168\" srcset=\"https:\/\/veranstaltungsring.de\/vw\/wp-content\/uploads\/2019\/08\/Gabriel-Faure\u0301-300x168.png 300w, https:\/\/veranstaltungsring.de\/vw\/wp-content\/uploads\/2019\/08\/Gabriel-Faure\u0301.png 471w\" sizes=\"auto, (max-width: 300px) 100vw, 300px\" \/><\/p>\n<p>Aufgef\u00fchrt wird das Werk in Kooperation des Chores Cantiamo (Kelternspiele) und der Martinskantorei Metzingen mit Solisten und Instrumentalisten unter der Leitung von Angela Schmauder-Scheytt und KMD Stephen Blaich.<\/p>\n<p>Dauer ca. 1 Std., <span style=\"font-size: 1.0625rem;\">Eintritt: 22 \u20ac, erm\u00e4\u00dfigt 14 \u20ac,<\/span><\/p>\n<p>VRM-Mitglieder, Konzertreihe-Abonnenten und Kelternspiele-Paten frei<br \/>\n<img loading=\"lazy\" decoding=\"async\" class=\"wp-image-487 aligncenter\" src=\"https:\/\/veranstaltungsring.de\/vw\/wp-content\/uploads\/2018\/10\/volksbank_www-300x33.jpg\" alt=\"\" width=\"663\" height=\"72\" srcset=\"https:\/\/veranstaltungsring.de\/vw\/wp-content\/uploads\/2018\/10\/volksbank_www-300x33.jpg 300w, https:\/\/veranstaltungsring.de\/vw\/wp-content\/uploads\/2018\/10\/volksbank_www.jpg 450w\" sizes=\"auto, (max-width: 663px) 100vw, 663px\" \/><\/p>\n<hr \/>\n<p>Kelternspiele-Patenschaft\u00a0<a href=\"https:\/\/veranstaltungsring.de\/vw\/wp-content\/uploads\/2018\/09\/Kelternspiele-1.pdf\" target=\"_blank\" rel=\"noopener noreferrer\">hier<\/a><\/p>\n","protected":false},"excerpt":{"rendered":"<p>Kelternspiele 2022 So. 10.04.2022, 19 Uhr, Martinskirche Metzingen Gabriel Faur\u00e9: Requiem Eine Kooperation des Chores Cantiamo (Kelternspiele) und der Martinskantorei[&#8230;]<\/p>\n","protected":false},"author":1,"featured_media":898,"parent":460,"menu_order":3,"comment_status":"closed","ping_status":"closed","template":"","meta":{"footnotes":""},"class_list":["post-57","page","type-page","status-publish","has-post-thumbnail","hentry"],"_links":{"self":[{"href":"https:\/\/veranstaltungsring.de\/vw\/wp-json\/wp\/v2\/pages\/57","targetHints":{"allow":["GET"]}}],"collection":[{"href":"https:\/\/veranstaltungsring.de\/vw\/wp-json\/wp\/v2\/pages"}],"about":[{"href":"https:\/\/veranstaltungsring.de\/vw\/wp-json\/wp\/v2\/types\/page"}],"author":[{"embeddable":true,"href":"https:\/\/veranstaltungsring.de\/vw\/wp-json\/wp\/v2\/users\/1"}],"replies":[{"embeddable":true,"href":"https:\/\/veranstaltungsring.de\/vw\/wp-json\/wp\/v2\/comments?post=57"}],"version-history":[{"count":19,"href":"https:\/\/veranstaltungsring.de\/vw\/wp-json\/wp\/v2\/pages\/57\/revisions"}],"predecessor-version":[{"id":1562,"href":"https:\/\/veranstaltungsring.de\/vw\/wp-json\/wp\/v2\/pages\/57\/revisions\/1562"}],"up":[{"embeddable":true,"href":"https:\/\/veranstaltungsring.de\/vw\/wp-json\/wp\/v2\/pages\/460"}],"wp:featuredmedia":[{"embeddable":true,"href":"https:\/\/veranstaltungsring.de\/vw\/wp-json\/wp\/v2\/media\/898"}],"wp:attachment":[{"href":"https:\/\/veranstaltungsring.de\/vw\/wp-json\/wp\/v2\/media?parent=57"}],"curies":[{"name":"wp","href":"https:\/\/api.w.org\/{rel}","templated":true}]}}