{"id":76,"date":"2018-07-25T14:39:50","date_gmt":"2018-07-25T14:39:50","guid":{"rendered":"https:\/\/kultur.imdialog.net\/?page_id=76"},"modified":"2024-07-10T14:22:04","modified_gmt":"2024-07-10T12:22:04","slug":"kartenverkauf","status":"publish","type":"page","link":"https:\/\/veranstaltungsring.de\/vw\/kartenverkauf\/","title":{"rendered":"Kartenverkauf und Spielst\u00e4tten"},"content":{"rendered":"\n<p><a href=\"mailto:info@veranstaltungsring.de\" target=\"_blank\" rel=\"noopener noreferrer\">Kartenreservierung per Mail<\/a><\/p>\n\n\n\n<p>Die Abendkasse ist eine Stunde vor Veranstaltungsbeginn ge\u00f6ffnet.<br> G\u00e4ste haben immer freie Platzwahl.<br> VRM-Mitgliedern wird bei freiem Eintritt die Kartenreservierung im VRM-B\u00fcro und fr\u00fchzeitiges Erscheinen empfohlen.<\/p>\n\n\n\n<p><strong>Erm\u00e4\u00dfigungen<\/strong><\/p>\n\n\n\n<p><em><strong>Kinder<\/strong> von 7 bis 12 Jahren, <strong>Sch\u00fcler, Studenten<\/strong> und <strong>Auszubildende\/FSJ<\/strong>, Inhaber der <strong>Metzingen-Card<\/strong> und ab <strong>50% Schwerbehinderung<\/strong> bezahlen den erm\u00e4\u00dfigten Preis, bei <strong>Schwerbehinderung mit Ausweis<\/strong> <strong>B<\/strong> hat die erforderliche Begleitperson freien Eintritt. Die entsprechenden Ausweise sind beim Einlass vorzuzeigen.<\/em><\/p>\n\n\n\n<p><strong>Inhaber der Sparkassen Card der KSK Reutlingen<\/strong> im Alter von 17-28 Jahren erhalten eine Erm\u00e4\u00dfigung <br>von 2,50 \u20ac auf von der KSK Reutlingen unterst\u00fctzte Veranstaltungen.<\/p>\n\n\n\n<p><strong>Inhaber der goldenen girocard<\/strong> der Volksbank Ermstal-Alb eG erhalten eine Erm\u00e4\u00dfigung von 2,50 \u20ac auf Volksbank-unterst\u00fctzte Veranstaltungen.<\/p>\n\n\n\n<p>Weitere Erm\u00e4\u00dfigungen f\u00fcr <strong>Gruppen ab 10 Personen<\/strong> im VRM-B\u00fcro.<\/p>\n\n\n\n<p><strong>F\u00fcr Mitglieder des VRM<\/strong> (Jahresbeitrag 180 \u20ac, monatlich 15 \u20ac) ist der Eintritt bei fast allen Veranstaltungen frei und bei den anderen erm\u00e4\u00dfigt; der Ausweis ist \u00fcbertragbar und beim Einlass vorzuzeigen.<\/p>\n\n\n\n<p><em><strong>Abonnenten der Konzertreihe<\/strong> bezahlen 72 \u20ac; der Ausweis ist \u00fcbertragbar und beim Einlass&nbsp;<\/em><br>\n<em>vorzuzeigen.<\/em><\/p>\n\n\n\n<p><em><strong>Kelternspiele-Paten<\/strong> bezahlen 30 \u20ac, VRM-Mitglieder 20 \u20ac, und erhalten kostenlos eine Karte f\u00fcr Veranstaltungen der Kelternspiele.<\/em><\/p>\n","protected":false},"excerpt":{"rendered":"<p>Kartenreservierung per Mail Die Abendkasse ist eine Stunde vor Veranstaltungsbeginn ge\u00f6ffnet. G\u00e4ste haben immer freie Platzwahl. VRM-Mitgliedern wird bei freiem[&#8230;]<\/p>\n","protected":false},"author":1,"featured_media":0,"parent":0,"menu_order":11,"comment_status":"closed","ping_status":"closed","template":"","meta":{"footnotes":""},"class_list":["post-76","page","type-page","status-publish","hentry"],"_links":{"self":[{"href":"https:\/\/veranstaltungsring.de\/vw\/wp-json\/wp\/v2\/pages\/76","targetHints":{"allow":["GET"]}}],"collection":[{"href":"https:\/\/veranstaltungsring.de\/vw\/wp-json\/wp\/v2\/pages"}],"about":[{"href":"https:\/\/veranstaltungsring.de\/vw\/wp-json\/wp\/v2\/types\/page"}],"author":[{"embeddable":true,"href":"https:\/\/veranstaltungsring.de\/vw\/wp-json\/wp\/v2\/users\/1"}],"replies":[{"embeddable":true,"href":"https:\/\/veranstaltungsring.de\/vw\/wp-json\/wp\/v2\/comments?post=76"}],"version-history":[{"count":12,"href":"https:\/\/veranstaltungsring.de\/vw\/wp-json\/wp\/v2\/pages\/76\/revisions"}],"predecessor-version":[{"id":2749,"href":"https:\/\/veranstaltungsring.de\/vw\/wp-json\/wp\/v2\/pages\/76\/revisions\/2749"}],"wp:attachment":[{"href":"https:\/\/veranstaltungsring.de\/vw\/wp-json\/wp\/v2\/media?parent=76"}],"curies":[{"name":"wp","href":"https:\/\/api.w.org\/{rel}","templated":true}]}}