{"id":93,"date":"2018-07-25T14:54:11","date_gmt":"2018-07-25T14:54:11","guid":{"rendered":"https:\/\/kultur.imdialog.net\/?page_id=93"},"modified":"2025-07-07T07:43:53","modified_gmt":"2025-07-07T05:43:53","slug":"mitgliedschaft","status":"publish","type":"page","link":"https:\/\/veranstaltungsring.de\/vw\/mitgliedschaft\/","title":{"rendered":"Mitgliedschaft"},"content":{"rendered":"<p><strong>Werden Sie Mitglied im VRM und f\u00f6rdern Sie damit auch die Metzinger Kultur<\/strong><\/p>\n<p>F\u00fcr Mitglieder des VRM (Jahresbeitrag 180 \u20ac, monatlich 15 \u20ac) ist der Eintritt bei fast allen Veranstaltungen frei und bei den anderen erm\u00e4\u00dfigt; der Ausweis ist \u00fcbertragbar. Abonnenten der Konzertreihe bezahlen 72 \u20ac; auch dieser Ausweis ist \u00fcbertragbar.<br \/>Die Kelternspiele k\u00f6nnen durch eine Patenschaft gef\u00f6rdert werden; Paten bezahlen 30 \u20ac,<br \/>VRM-Mitglieder 20 \u20ac und erhalten kostenlos eine Karte f\u00fcr die Veranstaltung der Kelternspiele.<\/p>\n<p>Die aktuelle Satzung des Veranstaltungsring finden Sie <a href=\"https:\/\/veranstaltungsring.de\/vw\/wp-content\/uploads\/2025\/07\/Satzung_10-07-2024.pdf\">hier als PDF<\/a>.<\/p>\n<p>Hier finden Sie das\u00a0<a href=\"https:\/\/veranstaltungsring.de\/vw\/wp-content\/uploads\/2018\/09\/Mitgliederantrag.pdf\" target=\"_blank\" rel=\"noopener noreferrer\">Antragsformular VRM<\/a>.<\/p>\n<p>Antr\u00e4ge f\u00fcr die\u00a0<a href=\"https:\/\/veranstaltungsring.de\/vw\/wp-content\/uploads\/2018\/09\/Konzertreihe.pdf\" target=\"_blank\" rel=\"noopener noreferrer\">KONZERTREIHE<\/a> und die <a href=\"https:\/\/veranstaltungsring.de\/vw\/wp-content\/uploads\/2018\/09\/Kelternspiele-1.pdf\" target=\"_blank\" rel=\"noopener noreferrer\">KELTERNSPIELE<\/a>\u00a0finden Sie hier. Bei Fragen sind wir f\u00fcr Sie da.<\/p>\n\n\n<p><\/p>\n","protected":false},"excerpt":{"rendered":"<p>Werden Sie Mitglied im VRM und f\u00f6rdern Sie damit auch die Metzinger Kultur F\u00fcr Mitglieder des VRM (Jahresbeitrag 180 \u20ac,[&#8230;]<\/p>\n","protected":false},"author":1,"featured_media":0,"parent":0,"menu_order":7,"comment_status":"closed","ping_status":"closed","template":"","meta":{"footnotes":""},"class_list":["post-93","page","type-page","status-publish","hentry"],"_links":{"self":[{"href":"https:\/\/veranstaltungsring.de\/vw\/wp-json\/wp\/v2\/pages\/93","targetHints":{"allow":["GET"]}}],"collection":[{"href":"https:\/\/veranstaltungsring.de\/vw\/wp-json\/wp\/v2\/pages"}],"about":[{"href":"https:\/\/veranstaltungsring.de\/vw\/wp-json\/wp\/v2\/types\/page"}],"author":[{"embeddable":true,"href":"https:\/\/veranstaltungsring.de\/vw\/wp-json\/wp\/v2\/users\/1"}],"replies":[{"embeddable":true,"href":"https:\/\/veranstaltungsring.de\/vw\/wp-json\/wp\/v2\/comments?post=93"}],"version-history":[{"count":8,"href":"https:\/\/veranstaltungsring.de\/vw\/wp-json\/wp\/v2\/pages\/93\/revisions"}],"predecessor-version":[{"id":3030,"href":"https:\/\/veranstaltungsring.de\/vw\/wp-json\/wp\/v2\/pages\/93\/revisions\/3030"}],"wp:attachment":[{"href":"https:\/\/veranstaltungsring.de\/vw\/wp-json\/wp\/v2\/media?parent=93"}],"curies":[{"name":"wp","href":"https:\/\/api.w.org\/{rel}","templated":true}]}}